{"id":5,"date":"2022-10-24T13:49:59","date_gmt":"2022-10-24T11:49:59","guid":{"rendered":"https:\/\/www.lmn-idf.com\/?page_id=5"},"modified":"2023-03-23T09:30:43","modified_gmt":"2023-03-23T08:30:43","slug":"one-page-express-pro","status":"publish","type":"page","link":"https:\/\/www.lmn-idf.com\/","title":{"rendered":"Front Page"},"content":{"rendered":"<div  id=\"numbers\" data-label=\"Numbers\" data-id=\"numbers-section\" data-category=\"numbers\" data-bg=\"transparent\" class=\"numbers-section white-text-section\" data-parallax-depth=\"20\" style=\"background-image: none; background-color: rgb(30, 115, 190); background-size: cover; background-position: center top;\" data-ovid=\"ovid-numbers-3775\">\n<div  class=\"dynamic-color gridContainer\">\n<div  class=\"numbers-itemcol\">\n<h2  class=\"numbers-numbertext\">Prestations globales de A \u00e0 Z<\/h2>\n<h3  class=\"numbers-titletext\"><\/h3>\n<\/div>\n<div  class=\"numbers-itemcol\">\n<h2  class=\"numbers-numbertext\">Optimisation des co\u00fbts<\/h2>\n<h3  class=\"numbers-titletext\"><\/h3>\n<\/div>\n<div  class=\"numbers-itemcol-last\">\n<h2  class=\"numbers-numbertext\">Pr\u00e8s de 30 ans d\u2019exp\u00e9rience<\/h2>\n<h3  class=\"numbers-titletext\"><\/h3>\n<\/div>\n<\/div>\n<\/div><div  data-label=\"Gallery\" data-id=\"gallery-section\" data-category=\"gallery\" class=\"row_298 gallery-section\" id=\"gallery-2\" style=\"background-color: rgb(255, 255, 255); background-image: none;\" data-ovid=\"ovid-gallery-2-4852\">\n<div  class=\"gridContainer\">\n<div  class=\"row_300\">\n<div  class=\"clients-grid-textcol dynamic-color\">\n<h2 ><span  style=\"font-family: arial, helvetica, sans-serif; color: rgb(48, 48, 48);\">Votre partenaire LMN<\/span><\/h2>\n<span  style=\"font-family: arial, helvetica, sans-serif; color: rgb(48, 48, 48);\">L\u2019agence LMN est une structure du b\u00e2timent sp\u00e9cialis\u00e9e en Ma\u00eetrise d\u2019Oeuvre et en \u00e9conomie de la construction.<\/span>\n<span  style=\"font-family: arial, helvetica, sans-serif; color: rgb(48, 48, 48);\">\nEn \u00e9troite collaboration avec ses clients, LMN assure des missions \u00e0 la carte.&nbsp;<\/span><span  style=\"font-family: arial, helvetica, sans-serif; color: rgb(48, 48, 48);\">Profitez d\u2019une relation de confiance gr\u00e2ce \u00e0 une forte exigence professionnelle et un interlocuteur unique qui mettra tout en oeuvre pour mener \u00e0 bien votre projet dans les r\u00e8gles de l\u2019Art.<\/span>\n\n<\/div>\n<\/div>\n<div  class=\"row_299\" data-content-shortcode=\"ope_gallery id=&quot;ope-gallery-2&quot; columns=&quot;4&quot; ids=&quot;71,221,218,219&quot; lb=&quot;1&quot; masonry=&quot;1&quot; size=&quot;medium&quot; link=&quot;file&quot; \" data-editable=\"true\"><div id='ope-gallery-2' class='gallery-wrapper'>    <style type=\"text\/css\">\n        @media only screen and (min-width: 768px) {\n        #ope-gallery-2 dl {\n            float: left;\n            width: 25% !important;\n            max-width: 25% !important;\n            min-width: 25% !important;\n        }\n\n        #ope-gallery-2 dl:nth-of-type(4n +1 ) {\n                                       clear: both;\n                                   }\n        }\n    <\/style>\n    <div   class='ope-gallery-2-dls-wrapper gallery-items-wrapper' ><dl class='gallery-item'>\n\t\t\t<dt class='gallery-icon landscape'>\n\t\t\t\t<a data-fancybox=\"ope-gallery-2-group\" href='https:\/\/www.lmn-idf.com\/wp-content\/uploads\/2022\/10\/Marignan-1-e1667547131109.jpg'><img loading=\"lazy\" decoding=\"async\"  width=\"300\" height=\"187\" src=\"https:\/\/www.lmn-idf.com\/wp-content\/uploads\/2022\/10\/Marignan-1-e1667547131109-300x187.jpg\"  class='ope-gallery-2-image' alt=\"\" srcset=\"https:\/\/www.lmn-idf.com\/wp-content\/uploads\/2022\/10\/Marignan-1-e1667547131109-300x187.jpg 300w, https:\/\/www.lmn-idf.com\/wp-content\/uploads\/2022\/10\/Marignan-1-e1667547131109.jpg 762w\" sizes=\"auto, (max-width: 300px) 100vw, 300px\" \/><\/a>\n\t\t\t<\/dt><\/dl><dl class='gallery-item'>\n\t\t\t<dt class='gallery-icon landscape'>\n\t\t\t\t<a data-fancybox=\"ope-gallery-2-group\" href='https:\/\/www.lmn-idf.com\/wp-content\/uploads\/2022\/10\/20221024_123905-scaled-e1666632781511.jpg'><img loading=\"lazy\" decoding=\"async\"  width=\"300\" height=\"225\" src=\"https:\/\/www.lmn-idf.com\/wp-content\/uploads\/2022\/10\/20221024_123905-scaled-e1666632781511-300x225.jpg\"  class='ope-gallery-2-image' alt=\"\" srcset=\"https:\/\/www.lmn-idf.com\/wp-content\/uploads\/2022\/10\/20221024_123905-scaled-e1666632781511-300x225.jpg 300w, https:\/\/www.lmn-idf.com\/wp-content\/uploads\/2022\/10\/20221024_123905-scaled-e1666632781511.jpg 633w\" sizes=\"auto, (max-width: 300px) 100vw, 300px\" \/><\/a>\n\t\t\t<\/dt><\/dl><dl class='gallery-item'>\n\t\t\t<dt class='gallery-icon landscape'>\n\t\t\t\t<a data-fancybox=\"ope-gallery-2-group\" href='https:\/\/www.lmn-idf.com\/wp-content\/uploads\/2022\/10\/20210603_144211-scaled-e1666632509395.jpg'><img loading=\"lazy\" decoding=\"async\"  width=\"300\" height=\"225\" src=\"https:\/\/www.lmn-idf.com\/wp-content\/uploads\/2022\/10\/20210603_144211-scaled-e1666632509395-300x225.jpg\"  class='ope-gallery-2-image' alt=\"\" srcset=\"https:\/\/www.lmn-idf.com\/wp-content\/uploads\/2022\/10\/20210603_144211-scaled-e1666632509395-300x225.jpg 300w, https:\/\/www.lmn-idf.com\/wp-content\/uploads\/2022\/10\/20210603_144211-scaled-e1666632509395.jpg 633w\" sizes=\"auto, (max-width: 300px) 100vw, 300px\" \/><\/a>\n\t\t\t<\/dt><\/dl><dl class='gallery-item'>\n\t\t\t<dt class='gallery-icon landscape'>\n\t\t\t\t<a data-fancybox=\"ope-gallery-2-group\" href='https:\/\/www.lmn-idf.com\/wp-content\/uploads\/2022\/10\/20221024_113332-scaled-e1666632631337.jpg'><img loading=\"lazy\" decoding=\"async\"  width=\"300\" height=\"225\" src=\"https:\/\/www.lmn-idf.com\/wp-content\/uploads\/2022\/10\/20221024_113332-scaled-e1666632631337-300x225.jpg\"  class='ope-gallery-2-image' alt=\"\" srcset=\"https:\/\/www.lmn-idf.com\/wp-content\/uploads\/2022\/10\/20221024_113332-scaled-e1666632631337-300x225.jpg 300w, https:\/\/www.lmn-idf.com\/wp-content\/uploads\/2022\/10\/20221024_113332-scaled-e1666632631337.jpg 633w\" sizes=\"auto, (max-width: 300px) 100vw, 300px\" \/><\/a>\n\t\t\t<\/dt><\/dl>\n\t\t<\/div>\n<style>#ope-gallery-2 .wp-caption-text.gallery-caption{display:none;}<\/style><\/div><\/div>\n<\/div>\n<\/div><div  id=\"content-3\" style=\"background-color: rgb(255, 255, 255); background-image: none;\" data-label=\"Content\" data-id=\"content-image-left\" data-category=\"content\" class=\"content-left-image-section\" data-ovid=\"ovid-content-3-10581\">\n<div  class=\"gridContainer\">\n<div  class=\"row\">\n<div  class=\"content-left-image-imgcol\" data-type=\"column\"> <img  decoding=\"async\" src=\"https:\/\/www.lmn-idf.com\/wp-content\/uploads\/2022\/10\/20220517_082051_resized_1-scaled-e1666633093337.jpg\" class=\"\" alt=\"\"><\/div>\n<div  class=\"content-left-image-textcol dynamic-color\" data-type=\"column\">\n<h2  class=\"\"><\/h2>\n<p  class=\"large_text\"><span  style=\"font-family: arial, helvetica, sans-serif; font-weight: 400;\"><span  style=\"color: rgb(48, 48, 48);\">LMN allie des comp\u00e9tences au service de missions personnalis\u00e9es. \n<br >Nous sommes \u00e0 l\u2019\u00e9coute de vos besoins et assurons une parfaite connaissance de votre projet tout au long de sa r\u00e9alisation.<\/span> <\/span><\/p>\n\n\n<\/div>\n<\/div>\n<\/div>\n<\/div><div  data-label=\"Content\" data-id=\"content-image-right-1\" data-category=\"content\" class=\"content-right-image-section content-image-right-1\" id=\"content-1\" style=\"background-color: rgb(255, 255, 255); background-image: none;\" data-ovid=\"ovid-content-1-1509\">\n<div  class=\"gridContainer\">\n<div  class=\"content-right-image-gridcol\">\n<div  class=\"content-right-image-textcol dynamic-color\" data-type=\"column\">\n<h2  class=\"\"><\/h2>\n<p  class=\"large_text\"><span  style=\"color: rgb(48, 48, 48); font-family: arial, helvetica, sans-serif; font-weight: 400;\">LMN intervient dans la r\u00e9alisation d\u2019op\u00e9rations telles que des immeubles de logements en accession, des logements sociaux, des bureaux, des b\u00e2timents public (centre hospitalier, \u00e9cole) et des commerces. <\/span><\/p>\n\n\n<\/div>\n<div  class=\"content-right-image-imgcol\" data-type=\"column\"> <img  decoding=\"async\" src=\"https:\/\/www.lmn-idf.com\/wp-content\/uploads\/2022\/10\/20221024_123432-scaled.jpg\" class=\"\" alt=\"\"><\/div>\n<\/div>\n<\/div>\n<\/div><div  data-label=\"About us\" data-id=\"about-image-section-pro\" data-category=\"about\" class=\"about-image-section-pro\" id=\"about-us-2\" style=\"background-color: rgb(255, 255, 255); background-image: none;\" data-ovid=\"ovid-about-us-2-10589\">\n<div  class=\"gridContainer\">\n<div  class=\"row about-image-gridcol-pro\">\n<div  class=\"about-image-textcol-pro\" data-type=\"column\">\n<h2  class=\"\"><span  style=\"color: rgb(48, 48, 48); font-family: arial, helvetica, sans-serif;\"> Un peu de nous\u2026<\/span><\/h2>\n<p  class=\"\"><span  style=\"color: rgb(48, 48, 48); font-family: arial, helvetica, sans-serif;\"> La volont\u00e9 de bien faire dans le respect des r\u00e8gles de l\u2019Art, nous am\u00e8ne naturellement \u00e0 la cr\u00e9ation de notre cabinet en mai 2019.<\/span><\/p>\nRiche d\u2019une exp\u00e9rience dans la construction de pr\u00e8s de 30 ans, nos comp\u00e9tences techniques, nos facult\u00e9s d\u2019analyses et d\u2019adaptations sont des atouts que nous mettons au service de la promotion immobili\u00e8re.\n\nDes prescriptions de vos projets \u00e0 la livraison, nous s\u00e9lectionnons, coordonnons l\u2019ensemble des Entreprises impliqu\u00e9es dans la construction et sommes \u00e0 votre \u00e9coute.\n\n<\/div>\n<div  data-type=\"column\" class=\"\"> <img  decoding=\"async\" class=\"about-image-img-pro\" src=\"https:\/\/www.lmn-idf.com\/wp-content\/uploads\/2022\/10\/cropped-cropped-Copie-de-LOGO_LMN-noir-sans-fond-1-1.png\" alt=\"\"><\/div>\n<\/div>\n<\/div>\n<\/div><div  data-label=\"About\" data-id=\"about-text-icons-section\" data-category=\"about\" class=\"about-text-icons-section\" id=\"about-5\" style=\"background-color: rgb(255, 255, 255); background-image: none;\" data-ovid=\"ovid-about-5-87\">\n<div  class=\"gridContainer\">\n<div  class=\"about-text-icons-innerrow dynamic-color\">\n<div  class=\"about-text-icons-textcol\" data-type=\"column\">\n<h5  class=\"\"><span  style=\"font-family: arial, helvetica, sans-serif;\">Notre savoir faire<\/span><\/h5>\n<h3  class=\"\"><span  style=\"font-family: arial, helvetica, sans-serif;\">EXPERTISES ET COMPETENCES A VOTRE SERVICE<\/span><\/h3>\n<\/div>\n<div  class=\"about-text-icons-cols flexbox-list\">\n<div  class=\"about-text-icons-iconcol\"> <i  data-cp-fa=\"true\" class=\"font-icon-21 fa fa-calendar color1\"><\/i>\n<h4 >ETUDE<\/h4>\n<span  style=\"font-family: arial, helvetica, sans-serif; color: rgb(48, 48, 48);\">R\u00e9alisation des pi\u00e8ces \u00e9crites.<\/span>\n<span  style=\"font-family: arial, helvetica, sans-serif; color: rgb(48, 48, 48);\">Consultation, analyse des offres d\u2019Entreprises.<\/span>\n<span  style=\"font-family: arial, helvetica, sans-serif; color: rgb(48, 48, 48);\">Analyse des dossiers en avant-projet.<\/span>\n<span  style=\"font-family: arial, helvetica, sans-serif; color: rgb(48, 48, 48);\">Cr\u00e9ation de planning March\u00e9.<\/span>\n\n<a href=\"#\" target=\"_self\" data-reiki-hidden=\"true\" rel=\"noopener\"><i  data-cp-fa=\"true\" class=\"font-icon-20 fa fa-angle-double-right color6\"><\/i>&nbsp;learn more<\/a>\n\n<\/div>\n<div  class=\"about-text-icons-iconcol\"> <i  data-cp-fa=\"true\" class=\"font-icon-21 fa fa-sitemap color1\"><\/i>\n<h4 >PREPARATION DU PROJET<\/h4>\n<span  style=\"font-family: arial, helvetica, sans-serif; color: rgb(48, 48, 48);\">Prise de contact avec les Concessionnaires.<\/span>\n<span  style=\"font-family: arial, helvetica, sans-serif; color: rgb(48, 48, 48);\">Contractualisation des March\u00e9s et OS.<\/span>\n<span  style=\"font-family: arial, helvetica, sans-serif; color: rgb(48, 48, 48);\">Pr\u00e9paration de l\u2019ex\u00e9cution.<\/span>\n\n<a href=\"#\" target=\"_self\" data-reiki-hidden=\"true\" rel=\"noopener\"><i  data-cp-fa=\"true\" class=\"font-icon-20 fa fa-angle-double-right color6\"><\/i>&nbsp;learn more<\/a>\n\n<\/div>\n<div  class=\"about-text-icons-iconcol\"> <i  data-cp-fa=\"true\" class=\"font-icon-21 fa fa-cogs color1\"><\/i>\n<h4 >PHASE TRAVAUX<\/h4>\n<span  style=\"font-family: arial, helvetica, sans-serif; color: rgb(48, 48, 48);\">Gestion technique, \u00e9conomique dans les d\u00e9lais impartis.<\/span>\n<span  style=\"font-family: arial, helvetica, sans-serif; color: rgb(48, 48, 48);\">Conformit\u00e9 de la construction au regard du PC.<\/span>\n<span  style=\"font-family: arial, helvetica, sans-serif; color: rgb(48, 48, 48);\">Respect des pi\u00e8ces March\u00e9<\/span>\n<span  style=\"font-family: arial, helvetica, sans-serif; color: rgb(48, 48, 48);\">Respect des plans de vente et de la notice notaire.<\/span>\n<span  style=\"font-family: arial, helvetica, sans-serif; color: rgb(48, 48, 48);\">Suivi des TMA.<\/span>\n<span  style=\"font-family: arial, helvetica, sans-serif; color: rgb(48, 48, 48);\">Synth\u00e8se et Visas des plans des Entreprises.<\/span>\n<span  style=\"font-family: arial, helvetica, sans-serif; color: rgb(48, 48, 48);\">Cr\u00e9ation, ajustement et suivi d\u2019un planning d\u00e9taill\u00e9.<\/span>\n<span  style=\"font-family: arial, helvetica, sans-serif; color: rgb(48, 48, 48);\">Coordination de travaux avec les titulaires du March\u00e9 de travaux.<\/span>\n<span  style=\"font-family: arial, helvetica, sans-serif; color: rgb(48, 48, 48);\">Contr\u00f4le qualit\u00e9, durant les phases de construction.<\/span>\n\n<a href=\"#\" target=\"_self\" data-reiki-hidden=\"true\" rel=\"noopener\"><i  data-cp-fa=\"true\" class=\"font-icon-20 fa fa-angle-double-right color6\"><\/i>&nbsp;learn more<\/a>\n\n<\/div>\n<div  class=\"about-text-icons-iconcol\"> <i  data-cp-fa=\"true\" class=\"font-icon-21 fa fa-shopping-cart\"><\/i>\n<h4 >RECEPTION<\/h4>\n<span  style=\"color: rgb(48, 48, 48); font-family: arial, helvetica, sans-serif;\">Contr\u00f4le de conformit\u00e9s techniques et architecturales.<\/span>\n<span  style=\"color: rgb(48, 48, 48); font-family: arial, helvetica, sans-serif;\">Raccordement et branchement aux r\u00e9seaux Concessionnaires de l\u2019op\u00e9ration.<\/span>\n<span  style=\"color: rgb(48, 48, 48); font-family: arial, helvetica, sans-serif;\">Planification et accompagnement \u00e0 la livraison.<\/span>\n<span  style=\"color: rgb(48, 48, 48); font-family: arial, helvetica, sans-serif;\">Gestion administrative \u00e0 la livraison.<\/span>\n<span  style=\"color: rgb(48, 48, 48); font-family: arial, helvetica, sans-serif;\">V\u00e9rification et diffusion des DOE.<\/span>\n\n<span  style=\"color: rgb(48, 48, 48); font-family: arial, helvetica, sans-serif;\">Gestion et r\u00e9alisation du D\u00e9compte G\u00e9n\u00e9ral et D\u00e9finitif.<\/span>\n\n<a href=\"#\" target=\"_self\" data-reiki-hidden=\"true\" rel=\"noopener\"><i  data-cp-fa=\"true\" class=\"font-icon-20 fa fa-angle-double-right color6\"><\/i>&nbsp;learn more<\/a>\n\n<\/div>\n<\/div>\n<\/div>\n<\/div>\n<\/div><div  id=\"team-1\" style=\"background-color: rgb(255, 255, 255); background-image: none;\" data-label=\"Team\" data-id=\"team-colors-section\" data-category=\"team\" class=\"team-colors-section\" data-ovid=\"ovid-team-1-6942\">\n<div  class=\"gridContainer\">\n<div  class=\"team-colors-textcol dynamic-color\">\n<h2 ><span  style=\"font-family: arial, helvetica, sans-serif; color: rgb(48, 48, 48);\">Une \u00e9quipe \u00e0 votre \u00e9coute<\/span><\/h2>\n<span  style=\"font-family: arial, helvetica, sans-serif; color: rgb(48, 48, 48);\">Compos\u00e9e de ses trois associ\u00e9s portant votre projet \u00e0 coeur.<\/span>\n\n<\/div>\n<div  class=\"team-colors-membersrow dark-text\" data-type=\"row\">\n<div  class=\"team-colors-membercol cp6cols-tablet cp4cols\">\n<div  class=\"team-colors-membercard\">\n<div  class=\"team-colors-background\"><\/div>\n<div  class=\"team-colors-memberinfo\" data-type=\"column\"><img  decoding=\"async\" class=\"team-colors-memberimg\" data-size=\"500x500\" src=\"https:\/\/www.lmn-idf.com\/wp-content\/uploads\/2022\/10\/cropped-1573065465542.jpg\" alt=\"\">\n<h4  class=\"team-colors-membername\">C\u00e9dric MASSON<\/h4>\n<p  class=\"team-colors-memberposition\"><span  style=\"font-family: arial, helvetica, sans-serif; color: rgb(48, 48, 48);\">Co-fondateur de LMN\n<br >Pr\u00e9sident<\/span><\/p>\n\n\n<hr  class=\"team-colors-separator\">\n\n<\/div>\n<div  class=\"team-colors-membericons\" data-type=\"group\"> <a href=\"#\" target=\"_self\" data-reiki-hidden=\"true\" rel=\"noopener\"><i  data-cp-fa=\"true\" class=\"team-colors-icon fa fa-linkedin color6\"><\/i><\/a> <a href=\"#\" target=\"_self\" data-reiki-hidden=\"true\" rel=\"noopener\"><i  data-cp-fa=\"true\" class=\"fa team-colors-icon fa-twitter color6\"><\/i><\/a> <a href=\"#\" target=\"_self\" data-reiki-hidden=\"true\" rel=\"noopener\"><i  data-cp-fa=\"true\" class=\"fa team-colors-icon fa-dribbble color6\"><\/i><\/a><\/div>\n<\/div>\n<\/div>\n<div  class=\"team-colors-membercol cp6cols-tablet cp4cols\">\n<div  class=\"team-colors-membercard\">\n<div  class=\"team-colors-background\"><\/div>\n<div  class=\"team-colors-memberinfo\" data-type=\"column\"><img  decoding=\"async\" class=\"team-colors-memberimg\" data-size=\"500x500\" src=\"https:\/\/www.lmn-idf.com\/wp-content\/uploads\/2022\/10\/cropped-jm.jpg\" alt=\"\">\n<h4  class=\"team-colors-membername\">Jean NGAUV<\/h4>\n<p  class=\"team-colors-memberposition\"><span  style=\"font-family: arial, helvetica, sans-serif; color: rgb(48, 48, 48);\">Co-fondateur de LMN\n<br >Directeur G\u00e9n\u00e9ral<\/span><\/p>\n\n\n<hr  class=\"team-colors-separator\">\n\n<\/div>\n<div  class=\"team-colors-membericons\" data-type=\"group\"> <a href=\"#\" target=\"_self\" data-reiki-hidden=\"true\" rel=\"noopener\"><i  data-cp-fa=\"true\" class=\"team-colors-icon fa fa-linkedin color6\"><\/i><\/a> <a href=\"#\" target=\"_self\" data-reiki-hidden=\"true\" rel=\"noopener\"><i  data-cp-fa=\"true\" class=\"fa team-colors-icon fa-twitter color6\"><\/i><\/a> <a href=\"#\" target=\"_self\" data-reiki-hidden=\"true\" rel=\"noopener\"><i  data-cp-fa=\"true\" class=\"fa team-colors-icon fa-dribbble color6\"><\/i><\/a><\/div>\n<\/div>\n<\/div>\n<div  class=\"team-colors-membercol cp6cols-tablet cp4cols\">\n<div  class=\"team-colors-membercard\">\n<div  class=\"team-colors-background\"><\/div>\n<div  class=\"team-colors-memberinfo\" data-type=\"column\"><img  decoding=\"async\" class=\"team-colors-memberimg\" data-size=\"500x500\" src=\"https:\/\/www.lmn-idf.com\/wp-content\/uploads\/2022\/10\/cropped-1517025349486-1-1.jpg\" alt=\"\">\n<h4  class=\"team-colors-membername\">St\u00e9phan LUCAS<\/h4>\n<p  class=\"team-colors-memberposition\"><span  style=\"font-family: arial, helvetica, sans-serif; color: rgb(48, 48, 48);\">Co-fondateur de LMN\n<br >Directeur G\u00e9n\u00e9ral<\/span><\/p>\n\n\n<hr  class=\"team-colors-separator\">\n\n<\/div>\n<div  class=\"team-colors-membericons\" data-type=\"group\"> <a href=\"#\" target=\"_self\" data-reiki-hidden=\"true\" rel=\"noopener\"><i  data-cp-fa=\"true\" class=\"team-colors-icon fa fa-linkedin color6\"><\/i><\/a> <a href=\"#\" target=\"_self\" data-reiki-hidden=\"true\" rel=\"noopener\"><i  data-cp-fa=\"true\" class=\"fa team-colors-icon fa-twitter color6\"><\/i><\/a> <a href=\"#\" target=\"_self\" data-reiki-hidden=\"true\" rel=\"noopener\"><i  data-cp-fa=\"true\" class=\"fa team-colors-icon fa-dribbble color6\"><\/i><\/a><\/div>\n<\/div>\n<\/div>\n<\/div>\n<\/div>\n<\/div><div  data-label=\"Contact\" data-id=\"contact-2columns-section\" data-category=\"contact\" class=\"contact-2columns-section content-relative\" id=\"contact-1\" style=\"background-color: rgb(246, 246, 246); background-image: none;\" data-ovid=\"ovid-contact-1-1089\">\n<div  class=\"dynamic-color gridContainer\">\n<div  class=\"contact-2columns-textrow\">\n<div  class=\"contact-2columns-textcol\">\n<h2 ><span  style=\"font-family: arial, helvetica, sans-serif; color: rgb(48, 48, 48);\"> Nous contacter<\/span><\/h2>\n<span  style=\"font-family: arial, helvetica, sans-serif; color: rgb(48, 48, 48);\">Pas le temps de nous rendre visite ? Remplissez ce formulaire, nous reviendrons vers vous rapidement<\/span>\n\n<\/div>\n<\/div>\n<div  class=\"contact-2columns-contentrow\">\n<div  class=\"contact-2columns-formrow\">\n<div  class=\"contact-2columns-formcol\" data-content-shortcode=\"one_page_express_contact_form shortcode=&quot;contact-form-7 id=&amp;amp;quot;28&amp;amp;quot; title=&amp;amp;quot;Formulaire de contact 1&amp;amp;quot;&quot;\" data-editable=\"true\"><div role=\"form\" class=\"wpcf7\" id=\"wpcf7-f28-o1\" lang=\"fr-FR\" dir=\"ltr\">\n<div class=\"screen-reader-response\"><p role=\"status\" aria-live=\"polite\" aria-atomic=\"true\"><\/p> <ul><\/ul><\/div>\n<form action=\"\/index.php?rest_route=%2Fwp%2Fv2%2Fpages%2F5#wpcf7-f28-o1\" method=\"post\" class=\"wpcf7-form init\" novalidate=\"novalidate\" data-status=\"init\">\n<div style=\"display: none;\">\n<input type=\"hidden\" name=\"_wpcf7\" value=\"28\" \/>\n<input type=\"hidden\" name=\"_wpcf7_version\" value=\"5.6.4\" \/>\n<input type=\"hidden\" name=\"_wpcf7_locale\" value=\"fr_FR\" \/>\n<input type=\"hidden\" name=\"_wpcf7_unit_tag\" value=\"wpcf7-f28-o1\" \/>\n<input type=\"hidden\" name=\"_wpcf7_container_post\" value=\"0\" \/>\n<input type=\"hidden\" name=\"_wpcf7_posted_data_hash\" value=\"\" \/>\n<\/div>\n<p><label> Votre nom<br \/>\n    <span class=\"wpcf7-form-control-wrap\" data-name=\"your-name\"><input type=\"text\" name=\"your-name\" value=\"\" size=\"40\" class=\"wpcf7-form-control wpcf7-text wpcf7-validates-as-required\" aria-required=\"true\" aria-invalid=\"false\" \/><\/span> <\/label><\/p>\n<p><label> Votre e-mail<br \/>\n    <span class=\"wpcf7-form-control-wrap\" data-name=\"your-email\"><input type=\"email\" name=\"your-email\" value=\"\" size=\"40\" class=\"wpcf7-form-control wpcf7-text wpcf7-email wpcf7-validates-as-required wpcf7-validates-as-email\" aria-required=\"true\" aria-invalid=\"false\" \/><\/span> <\/label><\/p>\n<p><label> Objet<br \/>\n    <span class=\"wpcf7-form-control-wrap\" data-name=\"your-subject\"><input type=\"text\" name=\"your-subject\" value=\"\" size=\"40\" class=\"wpcf7-form-control wpcf7-text wpcf7-validates-as-required\" aria-required=\"true\" aria-invalid=\"false\" \/><\/span> <\/label><\/p>\n<p><label> Votre message (facultatif)<br \/>\n    <span class=\"wpcf7-form-control-wrap\" data-name=\"your-message\"><textarea name=\"your-message\" cols=\"40\" rows=\"10\" class=\"wpcf7-form-control wpcf7-textarea\" aria-invalid=\"false\"><\/textarea><\/span> <\/label><\/p>\n<p><input type=\"submit\" value=\"Envoyer\" class=\"wpcf7-form-control has-spinner wpcf7-submit\" \/><\/p>\n<p style=\"display: none !important;\"><label>&#916;<textarea name=\"_wpcf7_ak_hp_textarea\" cols=\"45\" rows=\"8\" maxlength=\"100\"><\/textarea><\/label><input type=\"hidden\" id=\"ak_js_1\" name=\"_wpcf7_ak_js\" value=\"120\"\/><script>document.getElementById( \"ak_js_1\" ).setAttribute( \"value\", ( new Date() ).getTime() );<\/script><\/p><div class=\"wpcf7-response-output\" aria-hidden=\"true\"><\/div><\/form><\/div><\/div>\n<div  class=\"contact-2columns-contactcol\">\n<h5 ><\/h5>\n<h5 > Contact info<\/h5>\n<div  class=\"contact-2columns-itemrow\">\n<div  class=\"contact-2columns-iconcol\"> <i  class=\"font-icon-contact-form fa fa-map-marker\" data-cp-fa=\"true\"> <\/i><\/div>\n<div  class=\"column_284\">\n<p  class=\"contact-2columns-itemtextcol\"><span  style=\"color: rgb(48, 48, 48); font-family: arial, helvetica, sans-serif;\">3, rue des Tanneurs \u2013 77200 TORCY<\/span><\/p>\n\n\n<\/div>\n<\/div>\n<div  class=\"contact-2columns-itemrow\">\n<div  class=\"contact-2columns-iconcol\"> <i  class=\"font-icon-contact-form fa fa-phone\" data-cp-fa=\"true\"> <\/i><\/div>\n<div  class=\"column_284\">\n<p  class=\"contact-2columns-itemtextcol\"><span  style=\"color: rgb(48, 48, 48); font-family: arial, helvetica, sans-serif;\">C\u00e9dric MASSON : 06 01 85 46 89<\/span>\n\n<br ><span  style=\"color: rgb(48, 48, 48); font-family: arial, helvetica, sans-serif;\">Jean NGAUV : 06 40 50 03 64<\/span>\n\n<br ><span  style=\"color: rgb(48, 48, 48); font-family: arial, helvetica, sans-serif;\">St\u00e9phan LUCAS : 06 45 72 94 49<\/span>\n<\/p>\n\n\n<\/div>\n<\/div>\n<div  class=\"contact-2columns-itemrow\">\n<div  class=\"contact-2columns-iconcol\"> <i  class=\"font-icon-contact-form fa fa-envelope-o\" data-cp-fa=\"true\"> <\/i><\/div>\n<div  class=\"column_284\">\n<p  class=\"contact-2columns-itemtextcol\"><span  style=\"font-family: arial, helvetica, sans-serif;\"> <span  style=\"color: rgb(48, 48, 48);\">courrier@lmn-idf.fr<\/span><\/span>\n<\/p>\n\n\n<\/div>\n<\/div>\n<div  class=\"contact-2columns-itemrow\">\n<div  class=\"contact-2columns-iconcol\"> <i  class=\"font-icon-contact-form fa fa-fax color6\" data-cp-fa=\"true\" data-reiki-hidden=\"true\"> <\/i><\/div>\n<div  class=\"column_284\">\n<p  class=\"contact-2columns-itemtextcol\">\n<\/p>\n\n\n<\/div>\n<\/div>\n<\/div>\n<\/div>\n<\/div>\n<\/div>\n<\/div>","protected":false},"excerpt":{"rendered":"<p>Prestations globales de A \u00e0 Z Optimisation des co\u00fbts Pr\u00e8s de 30 ans d\u2019exp\u00e9rience Votre partenaire LMN L\u2019agence LMN est une structure du b\u00e2timent sp\u00e9cialis\u00e9e en Ma\u00eetrise d\u2019Oeuvre et en \u00e9conomie de la construction. En \u00e9troite collaboration avec ses clients, LMN assure des missions \u00e0 la carte.&nbsp;Profitez d\u2019une relation de confiance gr\u00e2ce \u00e0 une forte&hellip; <br \/> <a class=\"button small blue\" href=\"https:\/\/www.lmn-idf.com\/?p=1\">Lire la suite<\/a><\/p>\n","protected":false},"author":1,"featured_media":0,"parent":0,"menu_order":0,"comment_status":"closed","ping_status":"closed","template":"","meta":{"footnotes":""},"class_list":["post-5","page","type-page","status-publish","hentry"],"_links":{"self":[{"href":"https:\/\/www.lmn-idf.com\/index.php?rest_route=\/wp\/v2\/pages\/5","targetHints":{"allow":["GET"]}}],"collection":[{"href":"https:\/\/www.lmn-idf.com\/index.php?rest_route=\/wp\/v2\/pages"}],"about":[{"href":"https:\/\/www.lmn-idf.com\/index.php?rest_route=\/wp\/v2\/types\/page"}],"author":[{"embeddable":true,"href":"https:\/\/www.lmn-idf.com\/index.php?rest_route=\/wp\/v2\/users\/1"}],"replies":[{"embeddable":true,"href":"https:\/\/www.lmn-idf.com\/index.php?rest_route=%2Fwp%2Fv2%2Fcomments&post=5"}],"version-history":[{"count":71,"href":"https:\/\/www.lmn-idf.com\/index.php?rest_route=\/wp\/v2\/pages\/5\/revisions"}],"predecessor-version":[{"id":254,"href":"https:\/\/www.lmn-idf.com\/index.php?rest_route=\/wp\/v2\/pages\/5\/revisions\/254"}],"wp:attachment":[{"href":"https:\/\/www.lmn-idf.com\/index.php?rest_route=%2Fwp%2Fv2%2Fmedia&parent=5"}],"curies":[{"name":"wp","href":"https:\/\/api.w.org\/{rel}","templated":true}]}}